{"id":655,"date":"2023-07-05T22:38:58","date_gmt":"2023-07-05T20:38:58","guid":{"rendered":"http:\/\/www.parafiabrzezinka.eu\/test3\/?page_id=655"},"modified":"2023-08-24T13:38:42","modified_gmt":"2023-08-24T11:38:42","slug":"klauzula-informacyjna-rodo","status":"publish","type":"page","link":"https:\/\/www.parafiabrzezinka.eu\/test3\/klauzula-informacyjna-rodo\/","title":{"rendered":"Klauzula informacyjna RODO"},"content":{"rendered":"\t\t<div data-elementor-type=\"wp-page\" data-elementor-id=\"655\" class=\"elementor elementor-655\">\n\t\t\t\t\t\t<section class=\"elementor-section elementor-top-section elementor-element elementor-element-4fbf663 elementor-section-content-middle elementor-section-boxed elementor-section-height-default elementor-section-height-default\" data-id=\"4fbf663\" data-element_type=\"section\" data-settings=\"{&quot;background_background&quot;:&quot;classic&quot;,&quot;shape_divider_bottom&quot;:&quot;waves&quot;}\">\n\t\t\t\t\t\t\t<div class=\"elementor-background-overlay\"><\/div>\n\t\t\t\t\t\t<div class=\"elementor-shape elementor-shape-bottom\" data-negative=\"false\">\n\t\t\t<svg xmlns=\"http:\/\/www.w3.org\/2000\/svg\" viewBox=\"0 0 1000 100\" preserveAspectRatio=\"none\">\n\t<path class=\"elementor-shape-fill\" d=\"M421.9,6.5c22.6-2.5,51.5,0.4,75.5,5.3c23.6,4.9,70.9,23.5,100.5,35.7c75.8,32.2,133.7,44.5,192.6,49.7\n\tc23.6,2.1,48.7,3.5,103.4-2.5c54.7-6,106.2-25.6,106.2-25.6V0H0v30.3c0,0,72,32.6,158.4,30.5c39.2-0.7,92.8-6.7,134-22.4\n\tc21.2-8.1,52.2-18.2,79.7-24.2C399.3,7.9,411.6,7.5,421.9,6.5z\"\/>\n<\/svg>\t\t<\/div>\n\t\t\t\t\t<div class=\"elementor-container elementor-column-gap-default\">\n\t\t\t\t\t<div class=\"elementor-column elementor-col-100 elementor-top-column elementor-element elementor-element-98609ef\" data-id=\"98609ef\" data-element_type=\"column\">\n\t\t\t<div class=\"elementor-widget-wrap elementor-element-populated\">\n\t\t\t\t\t\t<div class=\"elementor-element elementor-element-02f3a7a elementor-widget elementor-widget-heading\" data-id=\"02f3a7a\" data-element_type=\"widget\" data-widget_type=\"heading.default\">\n\t\t\t\t<div class=\"elementor-widget-container\">\n\t\t\t\t\t<h1 class=\"elementor-heading-title elementor-size-default\">KLAUZULA INFORMACYJNA RODO<\/h1>\t\t\t\t<\/div>\n\t\t\t\t<\/div>\n\t\t\t\t\t<\/div>\n\t\t<\/div>\n\t\t\t\t\t<\/div>\n\t\t<\/section>\n\t\t\t\t<section class=\"elementor-section elementor-top-section elementor-element elementor-element-63f3cbf elementor-section-boxed elementor-section-height-default elementor-section-height-default\" data-id=\"63f3cbf\" data-element_type=\"section\">\n\t\t\t\t\t\t<div class=\"elementor-container elementor-column-gap-default\">\n\t\t\t\t\t<div class=\"elementor-column elementor-col-100 elementor-top-column elementor-element elementor-element-d992fcb\" data-id=\"d992fcb\" data-element_type=\"column\">\n\t\t\t<div class=\"elementor-widget-wrap elementor-element-populated\">\n\t\t\t\t\t\t<div class=\"elementor-element elementor-element-9a18e17 elementor-widget elementor-widget-text-editor\" data-id=\"9a18e17\" data-element_type=\"widget\" data-widget_type=\"text-editor.default\">\n\t\t\t\t<div class=\"elementor-widget-container\">\n\t\t\t\t\t\t\t\t\t<p>Informujemy, \u017ce Pani\/Pana dane osobowe s\u0105 przetwarzane przez administratora danych osobowych, kt\u00f3rym jest Rzymskokatolicka Parafia Nawiedzenia Naj\u015bwi\u0119tszej Maryi Panny w Mys\u0142owicach Brzezince reprezentowana przez proboszcza ks. Andrzeja Hoinkisa dla potrzeb realizacji cel\u00f3w Ko\u015bcio\u0142a, na podstawie prawa kanonicznego.<\/p><p>Inspektorem Ochrony Danych w Archidiecezji Katowickiej jest ks. Adam Zgodzaj \u2013 adres mailowy: iod@archidiecezjakatowicka.pl.<\/p><p>Ma Pani\/Pan prawo dost\u0119pu do tre\u015bci swoich danych, prawa ich sprostowania, ograniczenia przetwarzania lub usuni\u0119cia (z ograniczeniem w zakresie danych dotycz\u0105cych udzielonych sakrament\u00f3w b\u0105d\u017a w inny spos\u00f3b odnosz\u0105cych si\u0119 do kanonicznego statusu osoby). Szczeg\u00f3\u0142owych informacji na temat przetwarzania danych osobowych, podstawy ich przetwarzania, ewentualnego odbiorcy (krajowego lub zagranicznego), dok\u0142adnego okresu przechowywania danych i innych udziela administrator.<\/p><p>Ma Pani\/Pan prawo do wniesienia skargi do Ko\u015bcielnego Inspektora Ochrony Danych, Skwer kard. Stefana Wyszy\u0144skiego 6, 01\u2013015 Warszawa, kiod@episkopat.pl.<\/p>\t\t\t\t\t\t\t\t<\/div>\n\t\t\t\t<\/div>\n\t\t\t\t\t<\/div>\n\t\t<\/div>\n\t\t\t\t\t<\/div>\n\t\t<\/section>\n\t\t\t\t<\/div>\n\t\t","protected":false},"excerpt":{"rendered":"<p>KLAUZULA INFORMACYJNA RODO Informujemy, \u017ce Pani\/Pana dane osobowe s\u0105 przetwarzane przez administratora danych osobowych, kt\u00f3rym jest Rzymskokatolicka Parafia Nawiedzenia Naj\u015bwi\u0119tszej Maryi Panny w Mys\u0142owicach Brzezince reprezentowana przez proboszcza ks. Andrzeja Hoinkisa dla potrzeb realizacji cel\u00f3w Ko\u015bcio\u0142a, na podstawie prawa kanonicznego. Inspektorem Ochrony Danych w Archidiecezji Katowickiej jest ks. Adam Zgodzaj \u2013 adres mailowy: iod@archidiecezjakatowicka.pl. Ma [&hellip;]<\/p>\n","protected":false},"author":1,"featured_media":0,"parent":0,"menu_order":0,"comment_status":"closed","ping_status":"closed","template":"","meta":{"_uag_custom_page_level_css":"","site-sidebar-layout":"no-sidebar","site-content-layout":"page-builder","ast-site-content-layout":"default","site-content-style":"default","site-sidebar-style":"default","ast-global-header-display":"","ast-banner-title-visibility":"","ast-main-header-display":"","ast-hfb-above-header-display":"","ast-hfb-below-header-display":"","ast-hfb-mobile-header-display":"","site-post-title":"disabled","ast-breadcrumbs-content":"","ast-featured-img":"disabled","footer-sml-layout":"","ast-disable-related-posts":"","theme-transparent-header-meta":"","adv-header-id-meta":"","stick-header-meta":"","header-above-stick-meta":"","header-main-stick-meta":"","header-below-stick-meta":"","astra-migrate-meta-layouts":"default","ast-page-background-enabled":"default","ast-page-background-meta":{"desktop":{"background-color":"","background-image":"","background-repeat":"repeat","background-position":"center center","background-size":"auto","background-attachment":"scroll","background-type":"","background-media":"","overlay-type":"","overlay-color":"","overlay-opacity":"","overlay-gradient":""},"tablet":{"background-color":"","background-image":"","background-repeat":"repeat","background-position":"center center","background-size":"auto","background-attachment":"scroll","background-type":"","background-media":"","overlay-type":"","overlay-color":"","overlay-opacity":"","overlay-gradient":""},"mobile":{"background-color":"","background-image":"","background-repeat":"repeat","background-position":"center center","background-size":"auto","background-attachment":"scroll","background-type":"","background-media":"","overlay-type":"","overlay-color":"","overlay-opacity":"","overlay-gradient":""}},"ast-content-background-meta":{"desktop":{"background-color":"var(--ast-global-color-5)","background-image":"","background-repeat":"repeat","background-position":"center center","background-size":"auto","background-attachment":"scroll","background-type":"","background-media":"","overlay-type":"","overlay-color":"","overlay-opacity":"","overlay-gradient":""},"tablet":{"background-color":"var(--ast-global-color-5)","background-image":"","background-repeat":"repeat","background-position":"center center","background-size":"auto","background-attachment":"scroll","background-type":"","background-media":"","overlay-type":"","overlay-color":"","overlay-opacity":"","overlay-gradient":""},"mobile":{"background-color":"var(--ast-global-color-5)","background-image":"","background-repeat":"repeat","background-position":"center center","background-size":"auto","background-attachment":"scroll","background-type":"","background-media":"","overlay-type":"","overlay-color":"","overlay-opacity":"","overlay-gradient":""}},"footnotes":""},"uagb_featured_image_src":{"full":false,"thumbnail":false,"medium":false,"medium_large":false,"large":false,"1536x1536":false,"2048x2048":false},"uagb_author_info":{"display_name":"admin","author_link":"https:\/\/www.parafiabrzezinka.eu\/test3\/author\/admin\/"},"uagb_comment_info":0,"uagb_excerpt":"KLAUZULA INFORMACYJNA RODO Informujemy, \u017ce Pani\/Pana dane osobowe s\u0105 przetwarzane przez administratora danych osobowych, kt\u00f3rym jest Rzymskokatolicka Parafia Nawiedzenia Naj\u015bwi\u0119tszej Maryi Panny w Mys\u0142owicach Brzezince reprezentowana przez proboszcza ks. Andrzeja Hoinkisa dla potrzeb realizacji cel\u00f3w Ko\u015bcio\u0142a, na podstawie prawa kanonicznego. Inspektorem Ochrony Danych w Archidiecezji Katowickiej jest ks. Adam Zgodzaj \u2013 adres mailowy: iod@archidiecezjakatowicka.pl. Ma&hellip;","_links":{"self":[{"href":"https:\/\/www.parafiabrzezinka.eu\/test3\/wp-json\/wp\/v2\/pages\/655"}],"collection":[{"href":"https:\/\/www.parafiabrzezinka.eu\/test3\/wp-json\/wp\/v2\/pages"}],"about":[{"href":"https:\/\/www.parafiabrzezinka.eu\/test3\/wp-json\/wp\/v2\/types\/page"}],"author":[{"embeddable":true,"href":"https:\/\/www.parafiabrzezinka.eu\/test3\/wp-json\/wp\/v2\/users\/1"}],"replies":[{"embeddable":true,"href":"https:\/\/www.parafiabrzezinka.eu\/test3\/wp-json\/wp\/v2\/comments?post=655"}],"version-history":[{"count":7,"href":"https:\/\/www.parafiabrzezinka.eu\/test3\/wp-json\/wp\/v2\/pages\/655\/revisions"}],"predecessor-version":[{"id":2580,"href":"https:\/\/www.parafiabrzezinka.eu\/test3\/wp-json\/wp\/v2\/pages\/655\/revisions\/2580"}],"wp:attachment":[{"href":"https:\/\/www.parafiabrzezinka.eu\/test3\/wp-json\/wp\/v2\/media?parent=655"}],"curies":[{"name":"wp","href":"https:\/\/api.w.org\/{rel}","templated":true}]}}