{"id":2899,"date":"2023-09-08T21:55:42","date_gmt":"2023-09-08T19:55:42","guid":{"rendered":"http:\/\/www.parafiabrzezinka.eu\/test3\/?page_id=2899"},"modified":"2023-09-08T22:20:26","modified_gmt":"2023-09-08T20:20:26","slug":"regulamin-cmentarza","status":"publish","type":"page","link":"https:\/\/www.parafiabrzezinka.eu\/test3\/regulamin-cmentarza\/","title":{"rendered":"Regulamin cmentarza"},"content":{"rendered":"\t\t<div data-elementor-type=\"wp-page\" data-elementor-id=\"2899\" class=\"elementor elementor-2899\">\n\t\t\t\t\t\t<section class=\"elementor-section elementor-top-section elementor-element elementor-element-6f41e1c elementor-section-content-middle elementor-section-boxed elementor-section-height-default elementor-section-height-default\" data-id=\"6f41e1c\" data-element_type=\"section\" data-settings=\"{&quot;background_background&quot;:&quot;classic&quot;,&quot;shape_divider_bottom&quot;:&quot;waves&quot;}\">\n\t\t\t\t\t\t\t<div class=\"elementor-background-overlay\"><\/div>\n\t\t\t\t\t\t<div class=\"elementor-shape elementor-shape-bottom\" data-negative=\"false\">\n\t\t\t<svg xmlns=\"http:\/\/www.w3.org\/2000\/svg\" viewBox=\"0 0 1000 100\" preserveAspectRatio=\"none\">\n\t<path class=\"elementor-shape-fill\" d=\"M421.9,6.5c22.6-2.5,51.5,0.4,75.5,5.3c23.6,4.9,70.9,23.5,100.5,35.7c75.8,32.2,133.7,44.5,192.6,49.7\n\tc23.6,2.1,48.7,3.5,103.4-2.5c54.7-6,106.2-25.6,106.2-25.6V0H0v30.3c0,0,72,32.6,158.4,30.5c39.2-0.7,92.8-6.7,134-22.4\n\tc21.2-8.1,52.2-18.2,79.7-24.2C399.3,7.9,411.6,7.5,421.9,6.5z\"\/>\n<\/svg>\t\t<\/div>\n\t\t\t\t\t<div class=\"elementor-container elementor-column-gap-default\">\n\t\t\t\t\t<div class=\"elementor-column elementor-col-100 elementor-top-column elementor-element elementor-element-8d1f592\" data-id=\"8d1f592\" data-element_type=\"column\">\n\t\t\t<div class=\"elementor-widget-wrap elementor-element-populated\">\n\t\t\t\t\t\t<div class=\"elementor-element elementor-element-342cb9a elementor-widget elementor-widget-heading\" data-id=\"342cb9a\" data-element_type=\"widget\" data-widget_type=\"heading.default\">\n\t\t\t\t<div class=\"elementor-widget-container\">\n\t\t\t\t\t<h1 class=\"elementor-heading-title elementor-size-default\">REGULAMIN CMENTARZA<\/h1>\t\t\t\t<\/div>\n\t\t\t\t<\/div>\n\t\t\t\t\t<\/div>\n\t\t<\/div>\n\t\t\t\t\t<\/div>\n\t\t<\/section>\n\t\t\t\t<section class=\"elementor-section elementor-top-section elementor-element elementor-element-b3697aa elementor-section-boxed elementor-section-height-default elementor-section-height-default\" data-id=\"b3697aa\" data-element_type=\"section\">\n\t\t\t\t\t\t<div class=\"elementor-container elementor-column-gap-default\">\n\t\t\t\t\t<div class=\"elementor-column elementor-col-100 elementor-top-column elementor-element elementor-element-ba4ba9e\" data-id=\"ba4ba9e\" data-element_type=\"column\">\n\t\t\t<div class=\"elementor-widget-wrap elementor-element-populated\">\n\t\t\t\t\t\t\t<\/div>\n\t\t<\/div>\n\t\t\t\t\t<\/div>\n\t\t<\/section>\n\t\t\t\t<section class=\"elementor-section elementor-top-section elementor-element elementor-element-e25ca6f elementor-section-boxed elementor-section-height-default elementor-section-height-default\" data-id=\"e25ca6f\" data-element_type=\"section\">\n\t\t\t\t\t\t<div class=\"elementor-container elementor-column-gap-default\">\n\t\t\t\t\t<div class=\"elementor-column elementor-col-100 elementor-top-column elementor-element elementor-element-b049fe9\" data-id=\"b049fe9\" data-element_type=\"column\">\n\t\t\t<div class=\"elementor-widget-wrap elementor-element-populated\">\n\t\t\t\t\t\t<div class=\"elementor-element elementor-element-c885210 elementor-widget elementor-widget-text-editor\" data-id=\"c885210\" data-element_type=\"widget\" data-widget_type=\"text-editor.default\">\n\t\t\t\t<div class=\"elementor-widget-container\">\n\t\t\t\t\t\t\t\t\t<p><strong>Regulamin cmentarza parafialnego w Mys\u0142owicach Brzezince<br \/><em>(wersja z 1.01.2017 r. \u2013 na podstawie II Synodu Archidiecezji Katowickiej)<\/em><\/strong><\/p><p>Ko\u015bci\u00f3\u0142 zawsze uwa\u017ca\u0142 zar\u00f3wno cmentarze, jak i poszczeg\u00f3lne groby, gdzie spoczywaj\u0105 cia\u0142a zmar\u0142ych, za miejsca \u015bwi\u0119te. Prawo kanoniczne okre\u015bla: \u201emiejscami \u015bwi\u0119tymi s\u0105 te, kt\u00f3re przez po\u015bwi\u0119cenie lub b\u0142ogos\u0142awie\u0144stwo, dokonane wed\u0142ug przepis\u00f3w ksi\u0105g liturgicznych, przeznacza si\u0119 do kultu Bo\u017cego lub na grzebanie wiernych\u201d (kan. 1205 Kodeksu prawa kanonicznego). Cmentarz jest miejscem ciszy, modlitwy i zadumy, nale\u017cy wi\u0119c zachowa\u0107 spok\u00f3j i uszanowa\u0107 jego \u015bwi\u0119to\u015b\u0107. Cia\u0142a wiernych, kt\u00f3rych B\u00f3g powo\u0142a\u0142 do siebie, oczekuj\u0105 tutaj na dzie\u0144 zmartwychwstania. Celem zapewnienia im nale\u017cnej czci oraz dla porz\u0105dku i utrzymania w\u0142a\u015bciwego stanu estetycznego powierza si\u0119 te cmentarze wraz z ich urz\u0105dzeniami szczeg\u00f3lnej dba\u0142o\u015bci os\u00f3b wykonuj\u0105cych na ich terenach prace i odwiedzaj\u0105cych groby swoich bliskich, zaleca si\u0119 tak\u017ce stosowanie poni\u017cszego regulaminu.<\/p><p><strong>Rozdzia\u0142 1: Przepisy og\u00f3lne<\/strong><\/p><p>\u00a7 1<\/p><p>Na u\u017cytek niniejszego regulaminu przyjmuje si\u0119 nast\u0119puj\u0105ce definicje:<\/p><ol><li><strong>Zarz\u0105dzanie cmentarzem: us\u0142ugi cmentarne i organizowanie us\u0142ug cmentarnych<\/strong>, do kt\u00f3rych nale\u017cy: przyjmowanie zw\u0142ok do pochowania i zawieranie um\u00f3w o\u00a0u\u017cytkowanie grobu, przyjmowanie ofiar cmentarnych, prowadzenie przewidzianej prawem ewidencji i dokumentacji, utrzymanie porz\u0105dku, wykonywanie wszelkich prac zwi\u0105zanych z ogrodzeniem, zagospodarowaniem i utrzymaniem terenu cmentarza \u2013 kt\u00f3re to czynno\u015bci nale\u017c\u0105 do kompetencji zarz\u0105dcy cmentarza.<\/li><li><strong>Us\u0142ugi pogrzebowe<\/strong>: eksportacja zw\u0142ok z miejsca zgonu do miejsca przechowywania, przew\u00f3z zw\u0142ok w kraju i za granic\u0105, przechowywanie zw\u0142ok, przygotowanie zw\u0142ok do pogrzebu, przygotowanie miejsca na cmentarzu, wykonywanie (kopanie i zasypywanie) grobu, transport zw\u0142ok z miejsca przechowywania do kaplicy cmentarnej, za\u0142atwianie wszelkich spraw zwi\u0105zanych z poch\u00f3wkiem, poch\u00f3wek z asyst\u0105 pogrzebow\u0105, uformowanie grobu, ekshumacja zw\u0142ok i szcz\u0105tk\u00f3w ludzkich, spopielenie oraz murowanie kom\u00f3r grobowych, sprzeda\u017c akcesori\u00f3w pogrzebowych.<\/li><li><strong>Dysponent grobu<\/strong>: osoba, kt\u00f3ra z\u0142o\u017cy\u0142a ofiar\u0119 za miejsce grzebalne i jest uprawniona do podejmowania decyzji w sprawie grobu jako posiadaj\u0105ca prawo do grobu.<\/li><li><strong>Prawo do grobu<\/strong>: okre\u015blenie zakresu, czyli przedmiotu osobistych i materialnych uprawnie\u0144 najbli\u017cszej rodziny wobec miejsca pochowania bliskiej osoby.<\/li><\/ol><p>\u00a7 2<\/p><p>W\u0142a\u015bcicielem i zarz\u0105dc\u0105 cmentarza jest parafia Nawiedzenia Naj\u015bwi\u0119tszej Maryi Panny w Mys\u0142owicach Brzezince, na kt\u00f3rej spoczywa obowi\u0105zek zachowania katolickiego charakteru cmentarza i jego utrzymania zgodnie z przeznaczeniem.<\/p><p>\u00a7 3<\/p><p>Parafia jest w\u0142a\u015bcicielem grunt\u00f3w, drzewostanu i grob\u00f3w jako \u015bci\u015ble zwi\u0105zanych z\u00a0gruntem oraz wszystkich urz\u0105dze\u0144 znajduj\u0105cych si\u0119 na terenie cmentarza. Za w\u0142a\u015bcicieli nagrobk\u00f3w uwa\u017ca si\u0119 dysponent\u00f3w grob\u00f3w.<\/p><p>\u00a7 4<\/p><p>Bie\u017c\u0105ce zarz\u0105dzanie cmentarzem wykonuje proboszcz lub administrator parafii.<\/p><p>\u00a7 5<\/p><p>Do zada\u0144 tych w szczeg\u00f3lno\u015bci nale\u017cy:<\/p><ol><li>piecza nad godnym i spokojnym przebiegiem uroczysto\u015bci pogrzebowych;<\/li><li>sprawowanie nadzoru nad czynno\u015bciami przygotowania grobu (miejsca spoczynku) i\u00a0uporz\u0105dkowania otoczenia grobu po czynno\u015bciach zwi\u0105zanych z poch\u00f3wkiem lub ekshumacj\u0105, czuwanie nad prawid\u0142owym wykonaniem rob\u00f3t (uwzgl\u0119dniaj\u0105c szacunek do szcz\u0105tk\u00f3w ludzkich znajduj\u0105cych si\u0119 ju\u017c w ziemi) \u2013 je\u015bli us\u0142ugi te wykonuje inny przedsi\u0119biorca;<\/li><li>nadz\u00f3r architektoniczno-urbanistyczny, sanitarny i porz\u0105dkowy;<\/li><li>prowadzenie dokumentacji cmentarza wynikaj\u0105cej ze stosownych przepis\u00f3w prawa pa\u0144stwowego;<\/li><li>utrzymywanie porz\u0105dku, w tym utrzymywanie we w\u0142a\u015bciwym stanie technicznym dr\u00f3g dojazdowych i wewn\u0119trznych (utrzymanie alejek, zamiatanie i od\u015bnie\u017canie dr\u00f3g), utrzymywanie we w\u0142a\u015bciwym stanie dost\u0119pu do p\u00f3l grzebalnych oraz urz\u0105dze\u0144 sanitarnych i wodnokanalizacyjnych, zbieranie i wyw\u00f3z \u015bmieci;<\/li><li>konserwacja ma\u0142ej architektury oraz kaplicy cmentarnej i budynk\u00f3w gospodarczych;<\/li><li>planowanie, zak\u0142adanie i utrzymywanie zieleni (koszenie trawy, grabienie li\u015bci, piel\u0119gnacja drzew i krzew\u00f3w, nasadzenia);<\/li><li>udost\u0119pnianie infrastruktury cmentarza;<\/li><li>wykonywanie wszelkich innych prac zwi\u0105zanych z zagospodarowaniem i utrzyma\u00adniem cmentarza, w tym przygotowanie p\u00f3l grzebalnych zgodnie z planem zagospodarowania cmentarza.<\/li><\/ol><p><strong>Rozdzia\u0142 2: Postanowienia porz\u0105dkowe<\/strong><\/p><p>\u00a7 6<\/p><p>Cmentarz otwarty jest codziennie: w porze letniej (od 1 kwietnia do 31 pa\u017adziernika) od godziny 8.00 do 20.00, a w porze zimowej (od 1 listopada do 31 marca) od godziny 8.00 do zmroku (do 17.00).<\/p><p>\u00a7 7<\/p><p>Osoby przebywaj\u0105ce na terenie cmentarza zobowi\u0105zane s\u0105 do poszanowania \u015bwi\u0119to\u015bci miejsca, do zachowania ciszy i szacunku nale\u017cnego osobom zmar\u0142ym oraz do dbania o\u00a0czysto\u015b\u0107 i porz\u0105dek. Dzieciom wolno przebywa\u0107 na cmentarzu tylko pod opiek\u0105 doros\u0142ych.<\/p><p>\u00a7 8<\/p><p>W szczeg\u00f3lno\u015bci niedozwolone jest na terenie cmentarza:<\/p><p>* zak\u0142\u00f3canie ciszy, porz\u0105dku i powagi miejsca,<\/p><p>* przebywanie poza godzinami otwarcia,<\/p><p>* przebywanie w stanie nietrze\u017awym, spo\u017cywanie napoj\u00f3w alkoholowych i \u015brodk\u00f3w odurzaj\u0105cych, palenie papieros\u00f3w,<\/p><p>* wprowadzanie zwierz\u0105t,<\/p><p>* niszczenie zieleni,<\/p><p>* niszczenie lub samowolne przemieszczanie element\u00f3w ma\u0142ej architektury,<\/p><p>* prowadzenie akwizycji, umieszczanie reklam i rozk\u0142adanie wizyt\u00f3wek,<\/p><p>* prowadzenie handlu,<\/p><p>* zabudowanie grobu wykraczaj\u0105ce poza powierzchni\u0119 miejsca grzebalnego,<\/p><p>* samowolne wykonywanie prac budowlanych i kamieniarskich,<\/p><p>* ustawianie bez zgody zarz\u0105dcy cmentarza \u0142awek, ogrodze\u0144, sadzenie drzew i\u00a0krzew\u00f3w, utwardzanie gruntu wok\u00f3\u0142 miejsc grzebalnych i tym podobne,<\/p><p>* usuwanie lub niszczenie na grobach tablic i napis\u00f3w dotycz\u0105cych os\u00f3b tam pochowanych,<\/p><p>* zbieranie wszelkiego rodzaju ro\u015blin, sztucznych kwiat\u00f3w i wi\u0105zanek, zniczy z cudzych grob\u00f3w,<\/p><p>* wje\u017cd\u017canie pojazdami mechanicznymi i rowerami bez zgody zarz\u0105dcy cmentarza,<\/p><p>* chodzenie po urz\u0105dzonych miejscach grzebalnych,<\/p><p>* wyrzucanie \u015bmieci w miejscach niedozwolonych, wyrzucanie \u015bmieci niepochodz\u0105cych z cmentarza, wypalanie \u015bmieci.<\/p><p>\u00a7 9<\/p><p>Zu\u017cyte kwiaty, wie\u0144ce, znicze szklane i plastikowe nale\u017cy sk\u0142ada\u0107 do wyznaczonych w\u00a0tym celu pojemnik\u00f3w. W pojemnikach tych zabrania si\u0119 sk\u0142adowania odpad\u00f3w po robotach kamieniarskich i budowlanych.<\/p><p>\u00a7 10<\/p><ol><li>Dysponent grobu jest zobowi\u0105zany do sta\u0142ej troski o stan i wygl\u0105d grobu, nagrobka oraz bezpo\u015bredniego obej\u015bcia grobu przez ca\u0142y okres dysponowania prawem do grobu, tj. przez 20 lat w odniesieniu do grobu ziemnego lub przez 50 lat w odniesieniu do grobu murowanego.<\/li><li>Ziele\u0144 wysoka znajduje si\u0119 pod opiek\u0105 zarz\u0105dcy cmentarza. Dysponenci grob\u00f3w nie mog\u0105 we w\u0142asnym zakresie wykonywa\u0107 sadzenia, wycinki ani innej zmiany stanu drzew i wysokich krzew\u00f3w rosn\u0105cych w alejach cmentarnych lub na grobach.<\/li><\/ol><p>\u00a7 11<\/p><p>Za zniszczenia i szkody powsta\u0142e w zwi\u0105zku z dzia\u0142aniem si\u0142 przyrody, kradzie\u017c\u0105 i aktami wandalizmu zarz\u0105dca cmentarza nie ponosi odpowiedzialno\u015bci.<\/p><p>\u00a7 12<\/p><p>Kszta\u0142t nagrobk\u00f3w i pomnik\u00f3w, umieszczone na nich napisy i u\u017cyta symbolika nie mog\u0105 narusza\u0107 wyznaniowego charakteru cmentarza.<\/p><p>\u00a7 13<\/p><p>W przypadku powstania zniszcze\u0144 lub szpec\u0105cych uszkodze\u0144 nagrobka b\u0105d\u017a pomnika dysponent grobu jest wzywany do wykonania naprawy w terminie okre\u015blonym w wezwaniu. Je\u017celi naprawa nie zostanie wykonana, zarz\u0105dca cmentarza jest upowa\u017cniony do zlecenia rozebrania nagrobka lub pomnika, a dysponent nie ma prawa do odszkodowania.<\/p><p>\u00a7 14<\/p><p>Biuro cmentarza znajduje si\u0119 w <a href=\"\/kancelaria-parafialna\">Kancelarii Parafialnej<\/a>, ul. Ko\u015bcielna 14, 41-400 Mys\u0142owice i czynne jest w godzinach urz\u0119dowania kancelarii (patrz: http:\/\/www.parafiabrzezinka.eu\/kancelaria-parafialna).<\/p><p><strong>Rozdzia\u0142 3: Zasady wykonywania prac i us\u0142ug przez podmioty niezale\u017cne od zarz\u0105dcy cmentarza<\/strong><\/p><p>\u00a7 15<\/p><p>Wykonywanie wszelkich prac na terenie cmentarza \u2013 w szczeg\u00f3lno\u015bci w zakresie us\u0142ug pogrzebowych, prac kamieniarskich, piel\u0119gnacji zieleni, opieki nad grobami \u2013 wymaga uzyskania od zarz\u0105dcy cmentarza pozwolenia na wykonanie us\u0142ugi.<\/p><p>\u00a7 16<\/p><p>Zarz\u0105dca cmentarza lub osoby upowa\u017cnione przez niego maj\u0105 prawo do kontroli dokumentu uwierzytelniaj\u0105cego prowadzenie dzia\u0142alno\u015bci gospodarczej oraz zlecenia na organizacj\u0119 pogrzebu.<\/p><p>\u00a7 17<\/p><p>Wszyscy wykonawcy maj\u0105 prawo do \u015bwiadczenia us\u0142ug na jednakowych warunkach.<\/p><p>\u00a7 18<\/p><p>Wykonawcy zobowi\u0105zani s\u0105 do zachowania czci wobec os\u00f3b zmar\u0142ych oraz powagi miejsca kultu religijnego, a w szczeg\u00f3lno\u015bci swoimi dzia\u0142aniami nie mog\u0105 w jakikolwiek spos\u00f3b zak\u0142\u00f3ca\u0107 przebiegu uroczysto\u015bci pogrzebowych.<\/p><p>\u00a7 19<\/p><p>Wykonawcy ponosz\u0105 pe\u0142n\u0105 odpowiedzialno\u015b\u0107 za wszelkie szkody i straty wyrz\u0105dzone w mieniu cmentarza i os\u00f3b trzecich oraz zobowi\u0105zani s\u0105 do naprawienia wyrz\u0105dzonej przez siebie szkody i zado\u015b\u0107uczynienia osobom poszkodowanym. Wykonawcy ponosz\u0105 wy\u0142\u0105czn\u0105 odpowiedzialno\u015b\u0107 za dzia\u0142ania i zaniechania swoich pracownik\u00f3w, realizuj\u0105cych prace i us\u0142ugi na terenie cmentarza.<\/p><p>\u00a7 20<\/p><p>W przypadku stwierdzenia przez zarz\u0105dc\u0119 cmentarza: ra\u017c\u0105cych uchybie\u0144 przy wykonywaniu prac lub us\u0142ug b\u0105d\u017a nieprzestrzegania przez wykonawc\u0119 postanowie\u0144 regulaminu albo uchybienia wymogom liturgii i zasadom obowi\u0105zuj\u0105cym w miejscu \u015bwi\u0119tym zarz\u0105dca cmentarza mo\u017ce zastosowa\u0107 wobec takiego wykonawcy czasowy lub sta\u0142y zakaz dzia\u0142alno\u015bci na cmentarzu.<\/p><p>\u00a7 21<\/p><p>Wszelkie prace budowlane mog\u0105 by\u0107 realizowane przez dysponenta grobu lub upowa\u017cnionych przez niego wykonawc\u00f3w na podstawie udzielonego pe\u0142nomocnictwa lub umowy.<\/p><p>\u00a7 22<\/p><p>Usytuowanie grobu musi by\u0107 zgodne z planem zagospodarowania cmentarza oraz musi zachowywa\u0107 wymiary grobu. Wymiary nagrobka nie mog\u0105 przekracza\u0107:<\/p><p>&#8211; 190 x 90 cm dla grobu pojedynczego ziemnego;<\/p><p>&#8211; 190 x 170 cm dla grobu podw\u00f3jnego ziemnego;<\/p><p>&#8211; 100 x 50 cm dla grobu dzieci\u0119cego;<\/p><p>&#8211; 230 x 110 cm dla grobu murowanego pojedynczego;<\/p><p>&#8211; 230 x 220 cm dla grobu murowanego podw\u00f3jnego.<\/p><p>\u00a7 23<\/p><p>Us\u0142ugi kamieniarskie mog\u0105 by\u0107 \u015bwiadczone przez wykonawc\u00f3w po przedstawieniu projektu zagospodarowania grobu i jego otoczenia. Projekt zagospodarowania grobu i\u00a0jego otoczenia mo\u017ce obejmowa\u0107 jedynie wymiar placu miejsca grzebalnego.<\/p><p>\u00a7 24<\/p><p>Us\u0142ugi i prace kamieniarskie przy grobach mog\u0105 by\u0107 wykonywane tylko w dni robocze oraz w sobot\u0119 w godzinach otwarcia cmentarza po uprzednim uzyskaniu zgody zarz\u0105dcy cmentarza i zg\u0142oszeniu zakresu prac w biurze cmentarza.<\/p><p>\u00a7 25<\/p><p>Wykonawcy us\u0142ug kamieniarskich zobowi\u0105zani s\u0105 \u2013 na wezwanie zarz\u0105dcy cmentarza lub os\u00f3b przez niego upowa\u017cnionych \u2013 okaza\u0107 pozwolenie na prowadzenie prac kamieniarskich. W przypadku braku pozwolenia na prowadzenie prac kamieniarskich zarz\u0105dca cmentarza ma prawo zabroni\u0107 wykonywania us\u0142ug kamieniarskich i nakaza\u0107 opuszczenie terenu cmentarza, a w razie potrzeby wezwa\u0107 odpowiednie s\u0142u\u017cby porz\u0105dkowe lub policj\u0119.<\/p><p>\u00a7 26<\/p><p>Uzupe\u0142nieniem regulaminu jest dokument II Synodu Arch. Katowickiej \u201eWskazania dotycz\u0105ce zarz\u0105dzania cmentarzami parafialnymi w archidiecezji katowickiej\u201d (<a href=\"\/zarzadzanie-cmentarzami-parafialnymi\">http:\/\/www.parafiabrzezinka.eu\/zarzadzanie-cmentarzami-parafialnymi<\/a>). W sprawach nieuregulowanych w niniejszym regulaminie maj\u0105 zastosowanie przepisy prawa kanonicznego oraz normy prawa polskiego.<\/p><p>\u00a7 27<\/p><p>Niniejszy regulamin wchodzi w \u017cycie w dniu 1 stycznia 2017 r.<\/p>\t\t\t\t\t\t\t\t<\/div>\n\t\t\t\t<\/div>\n\t\t\t\t\t<\/div>\n\t\t<\/div>\n\t\t\t\t\t<\/div>\n\t\t<\/section>\n\t\t\t\t<\/div>\n\t\t","protected":false},"excerpt":{"rendered":"<p>REGULAMIN CMENTARZA Regulamin cmentarza parafialnego w Mys\u0142owicach Brzezince(wersja z 1.01.2017 r. \u2013 na podstawie II Synodu Archidiecezji Katowickiej) Ko\u015bci\u00f3\u0142 zawsze uwa\u017ca\u0142 zar\u00f3wno cmentarze, jak i poszczeg\u00f3lne groby, gdzie spoczywaj\u0105 cia\u0142a zmar\u0142ych, za miejsca \u015bwi\u0119te. Prawo kanoniczne okre\u015bla: \u201emiejscami \u015bwi\u0119tymi s\u0105 te, kt\u00f3re przez po\u015bwi\u0119cenie lub b\u0142ogos\u0142awie\u0144stwo, dokonane wed\u0142ug przepis\u00f3w ksi\u0105g liturgicznych, przeznacza si\u0119 do kultu [&hellip;]<\/p>\n","protected":false},"author":2,"featured_media":0,"parent":0,"menu_order":0,"comment_status":"closed","ping_status":"closed","template":"","meta":{"_uag_custom_page_level_css":"","site-sidebar-layout":"no-sidebar","site-content-layout":"page-builder","ast-site-content-layout":"full-width-container","site-content-style":"unboxed","site-sidebar-style":"unboxed","ast-global-header-display":"","ast-banner-title-visibility":"","ast-main-header-display":"","ast-hfb-above-header-display":"","ast-hfb-below-header-display":"","ast-hfb-mobile-header-display":"","site-post-title":"disabled","ast-breadcrumbs-content":"","ast-featured-img":"disabled","footer-sml-layout":"","ast-disable-related-posts":"","theme-transparent-header-meta":"","adv-header-id-meta":"","stick-header-meta":"","header-above-stick-meta":"","header-main-stick-meta":"","header-below-stick-meta":"","astra-migrate-meta-layouts":"set","ast-page-background-enabled":"default","ast-page-background-meta":{"desktop":{"background-color":"","background-image":"","background-repeat":"repeat","background-position":"center center","background-size":"auto","background-attachment":"scroll","background-type":"","background-media":"","overlay-type":"","overlay-color":"","overlay-opacity":"","overlay-gradient":""},"tablet":{"background-color":"","background-image":"","background-repeat":"repeat","background-position":"center center","background-size":"auto","background-attachment":"scroll","background-type":"","background-media":"","overlay-type":"","overlay-color":"","overlay-opacity":"","overlay-gradient":""},"mobile":{"background-color":"","background-image":"","background-repeat":"repeat","background-position":"center center","background-size":"auto","background-attachment":"scroll","background-type":"","background-media":"","overlay-type":"","overlay-color":"","overlay-opacity":"","overlay-gradient":""}},"ast-content-background-meta":{"desktop":{"background-color":"var(--ast-global-color-5)","background-image":"","background-repeat":"repeat","background-position":"center center","background-size":"auto","background-attachment":"scroll","background-type":"","background-media":"","overlay-type":"","overlay-color":"","overlay-opacity":"","overlay-gradient":""},"tablet":{"background-color":"var(--ast-global-color-5)","background-image":"","background-repeat":"repeat","background-position":"center center","background-size":"auto","background-attachment":"scroll","background-type":"","background-media":"","overlay-type":"","overlay-color":"","overlay-opacity":"","overlay-gradient":""},"mobile":{"background-color":"var(--ast-global-color-5)","background-image":"","background-repeat":"repeat","background-position":"center center","background-size":"auto","background-attachment":"scroll","background-type":"","background-media":"","overlay-type":"","overlay-color":"","overlay-opacity":"","overlay-gradient":""}},"footnotes":""},"uagb_featured_image_src":{"full":false,"thumbnail":false,"medium":false,"medium_large":false,"large":false,"1536x1536":false,"2048x2048":false},"uagb_author_info":{"display_name":"Andrzej Hoinkis","author_link":"https:\/\/www.parafiabrzezinka.eu\/test3\/author\/ahoinkis\/"},"uagb_comment_info":0,"uagb_excerpt":"REGULAMIN CMENTARZA Regulamin cmentarza parafialnego w Mys\u0142owicach Brzezince(wersja z 1.01.2017 r. \u2013 na podstawie II Synodu Archidiecezji Katowickiej) Ko\u015bci\u00f3\u0142 zawsze uwa\u017ca\u0142 zar\u00f3wno cmentarze, jak i poszczeg\u00f3lne groby, gdzie spoczywaj\u0105 cia\u0142a zmar\u0142ych, za miejsca \u015bwi\u0119te. Prawo kanoniczne okre\u015bla: \u201emiejscami \u015bwi\u0119tymi s\u0105 te, kt\u00f3re przez po\u015bwi\u0119cenie lub b\u0142ogos\u0142awie\u0144stwo, dokonane wed\u0142ug przepis\u00f3w ksi\u0105g liturgicznych, przeznacza si\u0119 do kultu&hellip;","_links":{"self":[{"href":"https:\/\/www.parafiabrzezinka.eu\/test3\/wp-json\/wp\/v2\/pages\/2899"}],"collection":[{"href":"https:\/\/www.parafiabrzezinka.eu\/test3\/wp-json\/wp\/v2\/pages"}],"about":[{"href":"https:\/\/www.parafiabrzezinka.eu\/test3\/wp-json\/wp\/v2\/types\/page"}],"author":[{"embeddable":true,"href":"https:\/\/www.parafiabrzezinka.eu\/test3\/wp-json\/wp\/v2\/users\/2"}],"replies":[{"embeddable":true,"href":"https:\/\/www.parafiabrzezinka.eu\/test3\/wp-json\/wp\/v2\/comments?post=2899"}],"version-history":[{"count":10,"href":"https:\/\/www.parafiabrzezinka.eu\/test3\/wp-json\/wp\/v2\/pages\/2899\/revisions"}],"predecessor-version":[{"id":2917,"href":"https:\/\/www.parafiabrzezinka.eu\/test3\/wp-json\/wp\/v2\/pages\/2899\/revisions\/2917"}],"wp:attachment":[{"href":"https:\/\/www.parafiabrzezinka.eu\/test3\/wp-json\/wp\/v2\/media?parent=2899"}],"curies":[{"name":"wp","href":"https:\/\/api.w.org\/{rel}","templated":true}]}}