{"id":2494,"date":"2023-07-26T09:03:49","date_gmt":"2023-07-26T07:03:49","guid":{"rendered":"http:\/\/www.parafiabrzezinka.eu\/test3\/?page_id=2494"},"modified":"2023-09-08T21:32:35","modified_gmt":"2023-09-08T19:32:35","slug":"ksieza-z-brzezinki","status":"publish","type":"page","link":"https:\/\/www.parafiabrzezinka.eu\/test3\/ksieza-z-brzezinki\/","title":{"rendered":"Ksi\u0119\u017ca z Brzezinki"},"content":{"rendered":"\t\t<div data-elementor-type=\"wp-page\" data-elementor-id=\"2494\" class=\"elementor elementor-2494\">\n\t\t\t\t\t\t<section class=\"elementor-section elementor-top-section elementor-element elementor-element-78b836d elementor-section-content-middle elementor-section-boxed elementor-section-height-default elementor-section-height-default\" data-id=\"78b836d\" data-element_type=\"section\" data-settings=\"{&quot;background_background&quot;:&quot;classic&quot;,&quot;shape_divider_bottom&quot;:&quot;waves&quot;}\">\n\t\t\t\t\t\t\t<div class=\"elementor-background-overlay\"><\/div>\n\t\t\t\t\t\t<div class=\"elementor-shape elementor-shape-bottom\" data-negative=\"false\">\n\t\t\t<svg xmlns=\"http:\/\/www.w3.org\/2000\/svg\" viewBox=\"0 0 1000 100\" preserveAspectRatio=\"none\">\n\t<path class=\"elementor-shape-fill\" d=\"M421.9,6.5c22.6-2.5,51.5,0.4,75.5,5.3c23.6,4.9,70.9,23.5,100.5,35.7c75.8,32.2,133.7,44.5,192.6,49.7\n\tc23.6,2.1,48.7,3.5,103.4-2.5c54.7-6,106.2-25.6,106.2-25.6V0H0v30.3c0,0,72,32.6,158.4,30.5c39.2-0.7,92.8-6.7,134-22.4\n\tc21.2-8.1,52.2-18.2,79.7-24.2C399.3,7.9,411.6,7.5,421.9,6.5z\"\/>\n<\/svg>\t\t<\/div>\n\t\t\t\t\t<div class=\"elementor-container elementor-column-gap-default\">\n\t\t\t\t\t<div class=\"elementor-column elementor-col-100 elementor-top-column elementor-element elementor-element-713d377\" data-id=\"713d377\" data-element_type=\"column\">\n\t\t\t<div class=\"elementor-widget-wrap elementor-element-populated\">\n\t\t\t\t\t\t<div class=\"elementor-element elementor-element-7594faf elementor-widget elementor-widget-heading\" data-id=\"7594faf\" data-element_type=\"widget\" data-widget_type=\"heading.default\">\n\t\t\t\t<div class=\"elementor-widget-container\">\n\t\t\t\t\t<h1 class=\"elementor-heading-title elementor-size-default\">KSI\u0118\u017bA POCHODZ\u0104CY <br>Z NASZEJ PARAFII<\/h1>\t\t\t\t<\/div>\n\t\t\t\t<\/div>\n\t\t\t\t\t<\/div>\n\t\t<\/div>\n\t\t\t\t\t<\/div>\n\t\t<\/section>\n\t\t\t\t<section class=\"elementor-section elementor-top-section elementor-element elementor-element-fc9cb02 elementor-section-boxed elementor-section-height-default elementor-section-height-default\" data-id=\"fc9cb02\" data-element_type=\"section\">\n\t\t\t\t\t\t<div class=\"elementor-container elementor-column-gap-default\">\n\t\t\t\t\t<div class=\"elementor-column elementor-col-16 elementor-top-column elementor-element elementor-element-633b7e3\" data-id=\"633b7e3\" data-element_type=\"column\">\n\t\t\t<div class=\"elementor-widget-wrap\">\n\t\t\t\t\t\t\t<\/div>\n\t\t<\/div>\n\t\t\t\t<div class=\"elementor-column elementor-col-66 elementor-top-column elementor-element elementor-element-439a4e0\" data-id=\"439a4e0\" data-element_type=\"column\">\n\t\t\t<div class=\"elementor-widget-wrap elementor-element-populated\">\n\t\t\t\t\t\t<div class=\"elementor-element elementor-element-9855314 elementor-widget elementor-widget-text-editor\" data-id=\"9855314\" data-element_type=\"widget\" data-widget_type=\"text-editor.default\">\n\t\t\t\t<div class=\"elementor-widget-container\">\n\t\t\t\t\t\t\t\t\t<p>\u2013\u00a0<u><a href=\"https:\/\/silesia.edu.pl\/index.php\/Olbrich_Artur\">ks. Artur Olbrich<\/a><\/u>\u00a0* 1864 \/\u00a0\u2295 1887 \/\u00a0\u2020 1928<\/p><p>\u2013\u00a0<u><a href=\"https:\/\/silesia.edu.pl\/index.php\/Jamrozy_Karol\">ks. Karol Jamrozy SDB<\/a><\/u>\u00a0* 1875 \/\u00a0\u2295 1900 \/\u00a0\u2020 1963<\/p><p>\u2013\u00a0<u><a href=\"https:\/\/silesia.edu.pl\/index.php\/Kaszyca_Leon\">ks. Leon Kaszyca SDB<\/a><\/u>\u00a0* 1878 \/\u00a0\u2295 1903 \/\u00a0\u2020 1942<\/p><p>\u2013\u00a0<u><a href=\"https:\/\/silesia.edu.pl\/index.php\/Hlond_Ignacy\">ks. Ignacy Hlond SDB<\/a><\/u>\u00a0* 1879 \/\u00a0\u2295 1903 \/\u00a0\u2020 1928<\/p><p>\u2013\u00a0<u><a href=\"https:\/\/silesia.edu.pl\/index.php\/Pasternak_Karol\">ks. Karol Pasternak<\/a><\/u>\u00a0* 1878 \/\u00a0\u2295 1904 \/\u00a0\u2020 1933<\/p><p>\u2013\u00a0<u><a href=\"https:\/\/silesia.edu.pl\/index.php\/Bara_J%C3%B3zef\">ks. J\u00f3zef Bara\u00a0SDB<\/a><\/u>\u00a0*\u00a01882 \/\u00a0\u2295 1911 \/\u00a0\u2020 1937<\/p><p>\u2013 ks. Piotr Pata\u0142\u0105g SDB\u00a0*\u00a01890 \/\u00a0\u2295 1923 \/\u00a0\u2020\u00a0?<\/p><p>\u2013\u00a0<u><a href=\"https:\/\/silesia.edu.pl\/index.php\/Rupala_Ludwik\">ks. Ludwik Rupala SDB<\/a><\/u>\u00a0*\u00a01884 \/\u00a0\u2295 1927 \/\u00a0\u2020 1971<\/p><p>\u2013\u00a0<u><a href=\"https:\/\/silesia.edu.pl\/index.php\/Amrozy_Teofil\">ks. Teofil Jamrozy (Amrozy)<\/a><\/u>\u00a0*\u00a01904 \/\u00a0\u2295 1929 \/\u00a0\u2020 1981<\/p><p>\u2013\u00a0<span style=\"text-decoration: underline;\"><a href=\"\/ks-alojzy-biecki-omi\">ks. Alojzy Biecki OMI<\/a><\/span>\u00a0*\u00a01913 \/\u00a0\u2295 1939 \/\u00a0\u2020 1942<\/p><p>\u2013\u00a0<u><a href=\"https:\/\/silesia.edu.pl\/index.php\/Rak_Romuald\">ks. Romuald Rak<\/a><\/u>\u00a0*\u00a01920 \/\u00a0\u2295 1943 \/\u00a0\u2020\u00a02003<\/p><p>\u2013 <span style=\"text-decoration: underline;\"><a href=\"\/ks-damian-kowalski-sds\">ks. Damian Kowalski SDS<\/a><\/span>\u00a0*\u00a01923 \/\u00a0\u2295 1946 \/\u00a0\u2020\u00a01992<\/p><p>\u2013\u00a0<u><a href=\"https:\/\/silesia.edu.pl\/index.php\/Sojka_Wiktor\">ks. Wiktor Sojka<\/a><\/u>\u00a0*\u00a01928 \/\u00a0\u2295 1954 \/\u00a0\u2020\u00a02003<\/p><p>\u2013\u00a0<u><a href=\"\/ks-kosma-kowalski-sds\/\">ks. Kosma\u00a0Kowalski SDS<\/a><\/u>\u00a0*\u00a01930 \/\u00a0\u2295 1956 \/\u00a0\u2020\u00a02009<\/p><p>\u2013\u00a0<u><a href=\"https:\/\/silesia.edu.pl\/index.php\/Trocha_Zygmunt\">ks. Zygmunt Trocha<\/a><\/u>\u00a0*\u00a01935 \/\u00a0\u2295 1959 \/\u00a0\u2020\u00a02019<\/p><p>\u2013\u00a0<u><a href=\"https:\/\/silesia.edu.pl\/index.php\/Resiak_Franciszek\">ks. Franciszek Resiak<\/a><\/u>\u00a0*\u00a01938 \/\u00a0\u2295 1961<\/p><p>\u2013\u00a0<span style=\"text-decoration: underline;\"><a href=\"https:\/\/silesia.edu.pl\/index.php\/W%C3%B3jcik_Herbert\">ks. Herbert W\u00f3jcik<\/a><\/span>\u00a0*\u00a01941 \/\u00a0\u2295 1964<\/p><p>\u2013\u00a0<u><a href=\"https:\/\/silesia.edu.pl\/index.php\/Brom_Rudolf\">ks. Rudolf Brom<\/a><\/u>\u00a0*\u00a01943 \/\u00a0\u2295 1968<\/p><p>\u2013\u00a0<u><a href=\"https:\/\/silesia.edu.pl\/index.php\/Zubel_Konrad\">ks. Konrad Zubel<\/a><\/u>\u00a0*\u00a01944 \/\u00a0\u2295 1968<\/p><p>\u2013 ks. Klaudiusz Wiszkowski\u00a0*\u00a01944 \/\u00a0\u2295 1968<\/p><p>\u2013\u00a0<u><a href=\"http:\/\/ruda_parafianin.republika.pl\/b\/par\/ksi\/k02\/138.htm\">ks. J\u00f3zef Mazur<\/a><\/u>\u00a0*\u00a01946 \/\u00a0\u2295 1971<\/p><p>\u2013 <span style=\"text-decoration: underline;\"><a href=\"https:\/\/silesia.edu.pl\/index.php\/Ha%C5%82ota_Benedykt\">ks. Benedykt Ha\u0142ota<\/a><\/span>\u00a0*\u00a01947 \/\u00a0\u2295 1972\u00a0\/\u00a0\u2020\u00a02019<\/p><p>\u2013 ks. J\u00f3zef Musio\u0142 SDS\u00a0*\u00a01947 \/\u00a0\u2295 1972<\/p><p>\u2013 <span style=\"text-decoration: underline;\"><a href=\"https:\/\/silesia.edu.pl\/index.php\/Szeja_Stanis%C5%82aw\">ks. Stanis\u0142aw Szeja<\/a><\/span>\u00a0*\u00a01952 \/\u00a0\u2295 1979<\/p><p>\u2013 <span style=\"text-decoration: underline;\"><a href=\"https:\/\/silesia.edu.pl\/index.php\/Plesi%C5%84ski_Damian\">ks. Damian Plesi\u0144ski<\/a><\/span> * 1961 \/ \u2295 1987 \/ \u2020 2022<\/p><p>\u2013\u00a0<u><a href=\"https:\/\/silesia.edu.pl\/index.php\/Psiuk_Micha%C5%82\">ks. Micha\u0142 Psiuk<\/a><\/u>\u00a0*\u00a01966 \/\u00a0\u2295 1993<\/p><p>\u2013 <span style=\"text-decoration: underline;\"><a href=\"https:\/\/silesia.edu.pl\/index.php\/Gemba%C5%82a_Dariusz\">ks. Dariusz Gemba\u0142a<\/a><\/span>\u00a0*\u00a01967 \/\u00a0\u2295 1995<\/p><p>\u2013 ks. Dawid Majka\u00a0*\u00a01989 \/\u00a0\u2295 2014 (prymicje w Morgach)<\/p><p><em>M\u00f3dlmy si\u0119 o nowe powo\u0142ania kap\u0142a\u0144skie z naszej parafii:<br \/><\/em><strong>Bo\u017ce, Ty kierujesz swoim ludem przez pasterzy, ze\u015blij na sw\u00f3j Ko\u015bci\u00f3\u0142 ducha pobo\u017cno\u015bci i m\u0119stwa, i powo\u0142aj ludzi, kt\u00f3rzy b\u0119d\u0105 godnie pe\u0142nili s\u0142u\u017cb\u0119 przy o\u0142tarzu oraz m\u0119\u017cnie i pokornie g\u0142osili Ewangeli\u0119. Przez Chrystusa, Pana naszego. Amen.<\/strong><\/p>\t\t\t\t\t\t\t\t<\/div>\n\t\t\t\t<\/div>\n\t\t\t\t\t<\/div>\n\t\t<\/div>\n\t\t\t\t<div class=\"elementor-column elementor-col-16 elementor-top-column elementor-element elementor-element-ee4ca0c\" data-id=\"ee4ca0c\" data-element_type=\"column\">\n\t\t\t<div class=\"elementor-widget-wrap\">\n\t\t\t\t\t\t\t<\/div>\n\t\t<\/div>\n\t\t\t\t\t<\/div>\n\t\t<\/section>\n\t\t\t\t<\/div>\n\t\t","protected":false},"excerpt":{"rendered":"<p>KSI\u0118\u017bA POCHODZ\u0104CY Z NASZEJ PARAFII \u2013\u00a0ks. Artur Olbrich\u00a0* 1864 \/\u00a0\u2295 1887 \/\u00a0\u2020 1928 \u2013\u00a0ks. Karol Jamrozy SDB\u00a0* 1875 \/\u00a0\u2295 1900 \/\u00a0\u2020 1963 \u2013\u00a0ks. Leon Kaszyca SDB\u00a0* 1878 \/\u00a0\u2295 1903 \/\u00a0\u2020 1942 \u2013\u00a0ks. Ignacy Hlond SDB\u00a0* 1879 \/\u00a0\u2295 1903 \/\u00a0\u2020 1928 \u2013\u00a0ks. Karol Pasternak\u00a0* 1878 \/\u00a0\u2295 1904 \/\u00a0\u2020 1933 \u2013\u00a0ks. J\u00f3zef Bara\u00a0SDB\u00a0*\u00a01882 \/\u00a0\u2295 1911 \/\u00a0\u2020 1937 [&hellip;]<\/p>\n","protected":false},"author":1,"featured_media":0,"parent":0,"menu_order":0,"comment_status":"closed","ping_status":"closed","template":"","meta":{"_uag_custom_page_level_css":"","site-sidebar-layout":"no-sidebar","site-content-layout":"page-builder","ast-site-content-layout":"default","site-content-style":"default","site-sidebar-style":"default","ast-global-header-display":"","ast-banner-title-visibility":"","ast-main-header-display":"","ast-hfb-above-header-display":"","ast-hfb-below-header-display":"","ast-hfb-mobile-header-display":"","site-post-title":"disabled","ast-breadcrumbs-content":"","ast-featured-img":"disabled","footer-sml-layout":"","ast-disable-related-posts":"","theme-transparent-header-meta":"","adv-header-id-meta":"","stick-header-meta":"","header-above-stick-meta":"","header-main-stick-meta":"","header-below-stick-meta":"","astra-migrate-meta-layouts":"default","ast-page-background-enabled":"default","ast-page-background-meta":{"desktop":{"background-color":"","background-image":"","background-repeat":"repeat","background-position":"center center","background-size":"auto","background-attachment":"scroll","background-type":"","background-media":"","overlay-type":"","overlay-color":"","overlay-opacity":"","overlay-gradient":""},"tablet":{"background-color":"","background-image":"","background-repeat":"repeat","background-position":"center center","background-size":"auto","background-attachment":"scroll","background-type":"","background-media":"","overlay-type":"","overlay-color":"","overlay-opacity":"","overlay-gradient":""},"mobile":{"background-color":"","background-image":"","background-repeat":"repeat","background-position":"center center","background-size":"auto","background-attachment":"scroll","background-type":"","background-media":"","overlay-type":"","overlay-color":"","overlay-opacity":"","overlay-gradient":""}},"ast-content-background-meta":{"desktop":{"background-color":"var(--ast-global-color-5)","background-image":"","background-repeat":"repeat","background-position":"center center","background-size":"auto","background-attachment":"scroll","background-type":"","background-media":"","overlay-type":"","overlay-color":"","overlay-opacity":"","overlay-gradient":""},"tablet":{"background-color":"var(--ast-global-color-5)","background-image":"","background-repeat":"repeat","background-position":"center center","background-size":"auto","background-attachment":"scroll","background-type":"","background-media":"","overlay-type":"","overlay-color":"","overlay-opacity":"","overlay-gradient":""},"mobile":{"background-color":"var(--ast-global-color-5)","background-image":"","background-repeat":"repeat","background-position":"center center","background-size":"auto","background-attachment":"scroll","background-type":"","background-media":"","overlay-type":"","overlay-color":"","overlay-opacity":"","overlay-gradient":""}},"footnotes":""},"uagb_featured_image_src":{"full":false,"thumbnail":false,"medium":false,"medium_large":false,"large":false,"1536x1536":false,"2048x2048":false},"uagb_author_info":{"display_name":"admin","author_link":"https:\/\/www.parafiabrzezinka.eu\/test3\/author\/admin\/"},"uagb_comment_info":0,"uagb_excerpt":"KSI\u0118\u017bA POCHODZ\u0104CY Z NASZEJ PARAFII \u2013\u00a0ks. Artur Olbrich\u00a0* 1864 \/\u00a0\u2295 1887 \/\u00a0\u2020 1928 \u2013\u00a0ks. Karol Jamrozy SDB\u00a0* 1875 \/\u00a0\u2295 1900 \/\u00a0\u2020 1963 \u2013\u00a0ks. Leon Kaszyca SDB\u00a0* 1878 \/\u00a0\u2295 1903 \/\u00a0\u2020 1942 \u2013\u00a0ks. Ignacy Hlond SDB\u00a0* 1879 \/\u00a0\u2295 1903 \/\u00a0\u2020 1928 \u2013\u00a0ks. Karol Pasternak\u00a0* 1878 \/\u00a0\u2295 1904 \/\u00a0\u2020 1933 \u2013\u00a0ks. J\u00f3zef Bara\u00a0SDB\u00a0*\u00a01882 \/\u00a0\u2295 1911 \/\u00a0\u2020 1937&hellip;","_links":{"self":[{"href":"https:\/\/www.parafiabrzezinka.eu\/test3\/wp-json\/wp\/v2\/pages\/2494"}],"collection":[{"href":"https:\/\/www.parafiabrzezinka.eu\/test3\/wp-json\/wp\/v2\/pages"}],"about":[{"href":"https:\/\/www.parafiabrzezinka.eu\/test3\/wp-json\/wp\/v2\/types\/page"}],"author":[{"embeddable":true,"href":"https:\/\/www.parafiabrzezinka.eu\/test3\/wp-json\/wp\/v2\/users\/1"}],"replies":[{"embeddable":true,"href":"https:\/\/www.parafiabrzezinka.eu\/test3\/wp-json\/wp\/v2\/comments?post=2494"}],"version-history":[{"count":31,"href":"https:\/\/www.parafiabrzezinka.eu\/test3\/wp-json\/wp\/v2\/pages\/2494\/revisions"}],"predecessor-version":[{"id":2891,"href":"https:\/\/www.parafiabrzezinka.eu\/test3\/wp-json\/wp\/v2\/pages\/2494\/revisions\/2891"}],"wp:attachment":[{"href":"https:\/\/www.parafiabrzezinka.eu\/test3\/wp-json\/wp\/v2\/media?parent=2494"}],"curies":[{"name":"wp","href":"https:\/\/api.w.org\/{rel}","templated":true}]}}