{"id":2377,"date":"2023-07-24T14:13:36","date_gmt":"2023-07-24T12:13:36","guid":{"rendered":"http:\/\/www.parafiabrzezinka.eu\/test3\/?page_id=2377"},"modified":"2023-09-08T20:50:27","modified_gmt":"2023-09-08T18:50:27","slug":"kancelaria-parafialna","status":"publish","type":"page","link":"https:\/\/www.parafiabrzezinka.eu\/test3\/kancelaria-parafialna\/","title":{"rendered":"Kancelaria parafialna"},"content":{"rendered":"\t\t<div data-elementor-type=\"wp-page\" data-elementor-id=\"2377\" class=\"elementor elementor-2377\">\n\t\t\t\t\t\t<section class=\"elementor-section elementor-top-section elementor-element elementor-element-1296108 elementor-section-content-middle elementor-section-boxed elementor-section-height-default elementor-section-height-default\" data-id=\"1296108\" data-element_type=\"section\" data-settings=\"{&quot;background_background&quot;:&quot;classic&quot;,&quot;shape_divider_bottom&quot;:&quot;waves&quot;}\">\n\t\t\t\t\t\t\t<div class=\"elementor-background-overlay\"><\/div>\n\t\t\t\t\t\t<div class=\"elementor-shape elementor-shape-bottom\" data-negative=\"false\">\n\t\t\t<svg xmlns=\"http:\/\/www.w3.org\/2000\/svg\" viewBox=\"0 0 1000 100\" preserveAspectRatio=\"none\">\n\t<path class=\"elementor-shape-fill\" d=\"M421.9,6.5c22.6-2.5,51.5,0.4,75.5,5.3c23.6,4.9,70.9,23.5,100.5,35.7c75.8,32.2,133.7,44.5,192.6,49.7\n\tc23.6,2.1,48.7,3.5,103.4-2.5c54.7-6,106.2-25.6,106.2-25.6V0H0v30.3c0,0,72,32.6,158.4,30.5c39.2-0.7,92.8-6.7,134-22.4\n\tc21.2-8.1,52.2-18.2,79.7-24.2C399.3,7.9,411.6,7.5,421.9,6.5z\"\/>\n<\/svg>\t\t<\/div>\n\t\t\t\t\t<div class=\"elementor-container elementor-column-gap-default\">\n\t\t\t\t\t<div class=\"elementor-column elementor-col-100 elementor-top-column elementor-element elementor-element-c464ac7\" data-id=\"c464ac7\" data-element_type=\"column\">\n\t\t\t<div class=\"elementor-widget-wrap elementor-element-populated\">\n\t\t\t\t\t\t<div class=\"elementor-element elementor-element-36962dc elementor-widget elementor-widget-heading\" data-id=\"36962dc\" data-element_type=\"widget\" data-widget_type=\"heading.default\">\n\t\t\t\t<div class=\"elementor-widget-container\">\n\t\t\t\t\t<h1 class=\"elementor-heading-title elementor-size-default\">KANCELARIA PARAFIALNA<\/h1>\t\t\t\t<\/div>\n\t\t\t\t<\/div>\n\t\t\t\t\t<\/div>\n\t\t<\/div>\n\t\t\t\t\t<\/div>\n\t\t<\/section>\n\t\t\t\t<section class=\"elementor-section elementor-top-section elementor-element elementor-element-32280d4 elementor-section-boxed elementor-section-height-default elementor-section-height-default\" data-id=\"32280d4\" data-element_type=\"section\">\n\t\t\t\t\t\t<div class=\"elementor-container elementor-column-gap-default\">\n\t\t\t\t\t<div class=\"elementor-column elementor-col-100 elementor-top-column elementor-element elementor-element-01856eb\" data-id=\"01856eb\" data-element_type=\"column\">\n\t\t\t<div class=\"elementor-widget-wrap elementor-element-populated\">\n\t\t\t\t\t\t<div class=\"elementor-element elementor-element-06b0ba1 elementor-widget elementor-widget-heading\" data-id=\"06b0ba1\" data-element_type=\"widget\" data-widget_type=\"heading.default\">\n\t\t\t\t<div class=\"elementor-widget-container\">\n\t\t\t\t\t<h4 class=\"elementor-heading-title elementor-size-default\">W CZASIE ZWYCZAJNYM<\/h4>\t\t\t\t<\/div>\n\t\t\t\t<\/div>\n\t\t\t\t<div class=\"elementor-element elementor-element-6e5ca7f elementor-widget elementor-widget-text-editor\" data-id=\"6e5ca7f\" data-element_type=\"widget\" data-widget_type=\"text-editor.default\">\n\t\t\t\t<div class=\"elementor-widget-container\">\n\t\t\t\t\t\t\t\t\t<table style=\"height: 231px;\" border=\"0\" width=\"130\"><tbody><tr bgcolor=\"#2FC1FF\"><td><strong>Dzie\u0144 tygodnia<\/strong><\/td><td><strong>Godz. poranne<\/strong><\/td><td><strong>Godz. popo\u0142udniowe<\/strong><\/td><\/tr><tr><td><strong>Poniedzia\u0142ek<\/strong><\/td><td><strong>&#8211;<\/strong><\/td><td><strong>&#8211;<\/strong><\/td><\/tr><tr><td><strong>Wtorek<\/strong><\/td><td><strong>8<sup>45\u00a0<\/sup>&#8211; 10<sup>00<\/sup><\/strong><\/td><td><strong>16<sup>00\u00a0<\/sup>&#8211; 17<sup>30<\/sup><\/strong><\/td><\/tr><tr><td><strong>\u015aroda<\/strong><\/td><td><strong>&#8211;<\/strong><\/td><td><b><strong>18<sup>45 <\/sup>&#8211; 20<sup>00<\/sup><\/strong><\/b><\/td><\/tr><tr><td><strong>Czwartek<\/strong><\/td><td><strong>8<sup>45\u00a0<\/sup>&#8211; 10<sup>00<\/sup><\/strong><\/td><td><strong>&#8211;<\/strong><\/td><\/tr><tr><td><strong>Pi\u0105tek<\/strong><\/td><td><strong>8<sup>45\u00a0<\/sup>&#8211; 10<sup>00<\/sup><\/strong><\/td><td><strong>&#8211;<\/strong><\/td><\/tr><\/tbody><\/table><p>Protoko\u0142y przedma\u0142\u017ce\u0144skie spisujemy poza godzinami kancelaryj\u00adnymi po wcze\u015bniejszym uzgodnieniu terminu z duszpasterzem.<br \/>Godziny otwarcia kancelarii mog\u0105 ulec zmianie \u2013 patrz\u00a0<em><a href=\"http:\/\/www.parafiabrzezinka.eu\/test3\/ogloszenia\/\">Og\u0142oszenia duszpasterskie<\/a>.<\/em><\/p>\t\t\t\t\t\t\t\t<\/div>\n\t\t\t\t<\/div>\n\t\t\t\t\t<\/div>\n\t\t<\/div>\n\t\t\t\t\t<\/div>\n\t\t<\/section>\n\t\t\t\t<section class=\"elementor-section elementor-top-section elementor-element elementor-element-639df17 elementor-section-boxed elementor-section-height-default elementor-section-height-default\" data-id=\"639df17\" data-element_type=\"section\">\n\t\t\t\t\t\t<div class=\"elementor-container elementor-column-gap-default\">\n\t\t\t\t\t<div class=\"elementor-column elementor-col-100 elementor-top-column elementor-element elementor-element-3e53560\" data-id=\"3e53560\" data-element_type=\"column\">\n\t\t\t<div class=\"elementor-widget-wrap elementor-element-populated\">\n\t\t\t\t\t\t<div class=\"elementor-element elementor-element-f906dd4 elementor-widget elementor-widget-heading\" data-id=\"f906dd4\" data-element_type=\"widget\" data-widget_type=\"heading.default\">\n\t\t\t\t<div class=\"elementor-widget-container\">\n\t\t\t\t\t<h4 class=\"elementor-heading-title elementor-size-default\">W CZASIE KOL\u0118DOWYM<\/h4>\t\t\t\t<\/div>\n\t\t\t\t<\/div>\n\t\t\t\t<div class=\"elementor-element elementor-element-4c684d1 elementor-widget elementor-widget-text-editor\" data-id=\"4c684d1\" data-element_type=\"widget\" data-widget_type=\"text-editor.default\">\n\t\t\t\t<div class=\"elementor-widget-container\">\n\t\t\t\t\t\t\t\t\t<table style=\"height: 231px;\" border=\"0\" width=\"130\"><tbody><tr bgcolor=\"#2FC1FF\"><td><strong>Dzie\u0144 tygodnia<\/strong><\/td><td><strong>Godz. poranne<\/strong><\/td><td><strong>Godz. popo\u0142udniowe<\/strong><\/td><\/tr><tr><td><strong>Poniedzia\u0142ek<\/strong><\/td><td><strong>&#8211;<\/strong><\/td><td><strong>&#8211;<\/strong><\/td><\/tr><tr><td><strong>Wtorek<\/strong><\/td><td><strong>8<sup>45\u00a0<\/sup>&#8211; 10<sup>00<\/sup><\/strong><\/td><td><b>&#8211;<\/b><\/td><\/tr><tr><td><strong>\u015aroda<\/strong><\/td><td><strong>&#8211;<\/strong><\/td><td><b>&#8211;<\/b><\/td><\/tr><tr><td><strong>Czwartek<\/strong><\/td><td><strong>8<sup>45\u00a0<\/sup>&#8211; 10<sup>00<\/sup><\/strong><\/td><td><strong>&#8211;<\/strong><\/td><\/tr><tr><td><strong>Pi\u0105tek<\/strong><\/td><td><strong>8<sup>45\u00a0<\/sup>&#8211; 10<sup>00<\/sup><\/strong><\/td><td><strong>&#8211;<\/strong><\/td><\/tr><\/tbody><\/table>\t\t\t\t\t\t\t\t<\/div>\n\t\t\t\t<\/div>\n\t\t\t\t\t<\/div>\n\t\t<\/div>\n\t\t\t\t\t<\/div>\n\t\t<\/section>\n\t\t\t\t<section class=\"elementor-section elementor-top-section elementor-element elementor-element-a2b9020 elementor-section-boxed elementor-section-height-default elementor-section-height-default\" data-id=\"a2b9020\" data-element_type=\"section\">\n\t\t\t\t\t\t<div class=\"elementor-container elementor-column-gap-default\">\n\t\t\t\t\t<div class=\"elementor-column elementor-col-100 elementor-top-column elementor-element elementor-element-8e0e46e\" data-id=\"8e0e46e\" data-element_type=\"column\">\n\t\t\t<div class=\"elementor-widget-wrap elementor-element-populated\">\n\t\t\t\t\t\t<div class=\"elementor-element elementor-element-7640e2b elementor-widget elementor-widget-heading\" data-id=\"7640e2b\" data-element_type=\"widget\" data-widget_type=\"heading.default\">\n\t\t\t\t<div class=\"elementor-widget-container\">\n\t\t\t\t\t<h4 class=\"elementor-heading-title elementor-size-default\">W CZASIE WAKACJI<\/h4>\t\t\t\t<\/div>\n\t\t\t\t<\/div>\n\t\t\t\t<div class=\"elementor-element elementor-element-73920f1 elementor-widget elementor-widget-text-editor\" data-id=\"73920f1\" data-element_type=\"widget\" data-widget_type=\"text-editor.default\">\n\t\t\t\t<div class=\"elementor-widget-container\">\n\t\t\t\t\t\t\t\t\t<table style=\"height: 231px;\" border=\"0\" width=\"130\"><tbody><tr bgcolor=\"#2FC1FF\"><td><strong>Dzie\u0144 tygodnia<\/strong><\/td><td><strong>Godz. poranne<\/strong><\/td><td><strong>Godz. popo\u0142udniowe<\/strong><\/td><\/tr><tr><td><strong>Poniedzia\u0142ek<\/strong><\/td><td><strong>&#8211;<\/strong><\/td><td><strong>&#8211;<\/strong><\/td><\/tr><tr><td><strong>Wtorek<\/strong><\/td><td><strong>8<sup>45\u00a0<\/sup>&#8211; 10<sup>00<\/sup><\/strong><\/td><td><strong>16<sup>00\u00a0<\/sup>&#8211; 17<sup>30<\/sup><\/strong><\/td><\/tr><tr><td><strong>\u015aroda<\/strong><\/td><td><strong>&#8211;<\/strong><\/td><td><b>&#8211;<\/b><\/td><\/tr><tr><td><strong>Czwartek<\/strong><\/td><td><strong>8<sup>45\u00a0<\/sup>&#8211; 10<sup>00<\/sup><\/strong><\/td><td><strong>&#8211;<\/strong><\/td><\/tr><tr><td><strong>Pi\u0105tek<\/strong><\/td><td><b>&#8211;<\/b><\/td><td><strong>&#8211;<\/strong><\/td><\/tr><\/tbody><\/table><p>\u00a0<\/p>\t\t\t\t\t\t\t\t<\/div>\n\t\t\t\t<\/div>\n\t\t\t\t\t<\/div>\n\t\t<\/div>\n\t\t\t\t\t<\/div>\n\t\t<\/section>\n\t\t\t\t<\/div>\n\t\t","protected":false},"excerpt":{"rendered":"<p>KANCELARIA PARAFIALNA W CZASIE ZWYCZAJNYM Dzie\u0144 tygodnia Godz. poranne Godz. popo\u0142udniowe Poniedzia\u0142ek &#8211; &#8211; Wtorek 845\u00a0&#8211; 1000 1600\u00a0&#8211; 1730 \u015aroda &#8211; 1845 &#8211; 2000 Czwartek 845\u00a0&#8211; 1000 &#8211; Pi\u0105tek 845\u00a0&#8211; 1000 &#8211; Protoko\u0142y przedma\u0142\u017ce\u0144skie spisujemy poza godzinami kancelaryj\u00adnymi po wcze\u015bniejszym uzgodnieniu terminu z duszpasterzem.Godziny otwarcia kancelarii mog\u0105 ulec zmianie \u2013 patrz\u00a0Og\u0142oszenia duszpasterskie. W CZASIE KOL\u0118DOWYM [&hellip;]<\/p>\n","protected":false},"author":1,"featured_media":0,"parent":0,"menu_order":0,"comment_status":"closed","ping_status":"closed","template":"","meta":{"_uag_custom_page_level_css":"","site-sidebar-layout":"no-sidebar","site-content-layout":"page-builder","ast-site-content-layout":"default","site-content-style":"default","site-sidebar-style":"default","ast-global-header-display":"","ast-banner-title-visibility":"","ast-main-header-display":"","ast-hfb-above-header-display":"","ast-hfb-below-header-display":"","ast-hfb-mobile-header-display":"","site-post-title":"disabled","ast-breadcrumbs-content":"","ast-featured-img":"disabled","footer-sml-layout":"","ast-disable-related-posts":"","theme-transparent-header-meta":"","adv-header-id-meta":"","stick-header-meta":"","header-above-stick-meta":"","header-main-stick-meta":"","header-below-stick-meta":"","astra-migrate-meta-layouts":"default","ast-page-background-enabled":"default","ast-page-background-meta":{"desktop":{"background-color":"","background-image":"","background-repeat":"repeat","background-position":"center center","background-size":"auto","background-attachment":"scroll","background-type":"","background-media":"","overlay-type":"","overlay-color":"","overlay-opacity":"","overlay-gradient":""},"tablet":{"background-color":"","background-image":"","background-repeat":"repeat","background-position":"center center","background-size":"auto","background-attachment":"scroll","background-type":"","background-media":"","overlay-type":"","overlay-color":"","overlay-opacity":"","overlay-gradient":""},"mobile":{"background-color":"","background-image":"","background-repeat":"repeat","background-position":"center center","background-size":"auto","background-attachment":"scroll","background-type":"","background-media":"","overlay-type":"","overlay-color":"","overlay-opacity":"","overlay-gradient":""}},"ast-content-background-meta":{"desktop":{"background-color":"var(--ast-global-color-5)","background-image":"","background-repeat":"repeat","background-position":"center center","background-size":"auto","background-attachment":"scroll","background-type":"","background-media":"","overlay-type":"","overlay-color":"","overlay-opacity":"","overlay-gradient":""},"tablet":{"background-color":"var(--ast-global-color-5)","background-image":"","background-repeat":"repeat","background-position":"center center","background-size":"auto","background-attachment":"scroll","background-type":"","background-media":"","overlay-type":"","overlay-color":"","overlay-opacity":"","overlay-gradient":""},"mobile":{"background-color":"var(--ast-global-color-5)","background-image":"","background-repeat":"repeat","background-position":"center center","background-size":"auto","background-attachment":"scroll","background-type":"","background-media":"","overlay-type":"","overlay-color":"","overlay-opacity":"","overlay-gradient":""}},"footnotes":""},"uagb_featured_image_src":{"full":false,"thumbnail":false,"medium":false,"medium_large":false,"large":false,"1536x1536":false,"2048x2048":false},"uagb_author_info":{"display_name":"admin","author_link":"https:\/\/www.parafiabrzezinka.eu\/test3\/author\/admin\/"},"uagb_comment_info":0,"uagb_excerpt":"KANCELARIA PARAFIALNA W CZASIE ZWYCZAJNYM Dzie\u0144 tygodnia Godz. poranne Godz. popo\u0142udniowe Poniedzia\u0142ek &#8211; &#8211; Wtorek 845\u00a0&#8211; 1000 1600\u00a0&#8211; 1730 \u015aroda &#8211; 1845 &#8211; 2000 Czwartek 845\u00a0&#8211; 1000 &#8211; Pi\u0105tek 845\u00a0&#8211; 1000 &#8211; Protoko\u0142y przedma\u0142\u017ce\u0144skie spisujemy poza godzinami kancelaryj\u00adnymi po wcze\u015bniejszym uzgodnieniu terminu z duszpasterzem.Godziny otwarcia kancelarii mog\u0105 ulec zmianie \u2013 patrz\u00a0Og\u0142oszenia duszpasterskie. W CZASIE KOL\u0118DOWYM&hellip;","_links":{"self":[{"href":"https:\/\/www.parafiabrzezinka.eu\/test3\/wp-json\/wp\/v2\/pages\/2377"}],"collection":[{"href":"https:\/\/www.parafiabrzezinka.eu\/test3\/wp-json\/wp\/v2\/pages"}],"about":[{"href":"https:\/\/www.parafiabrzezinka.eu\/test3\/wp-json\/wp\/v2\/types\/page"}],"author":[{"embeddable":true,"href":"https:\/\/www.parafiabrzezinka.eu\/test3\/wp-json\/wp\/v2\/users\/1"}],"replies":[{"embeddable":true,"href":"https:\/\/www.parafiabrzezinka.eu\/test3\/wp-json\/wp\/v2\/comments?post=2377"}],"version-history":[{"count":27,"href":"https:\/\/www.parafiabrzezinka.eu\/test3\/wp-json\/wp\/v2\/pages\/2377\/revisions"}],"predecessor-version":[{"id":2854,"href":"https:\/\/www.parafiabrzezinka.eu\/test3\/wp-json\/wp\/v2\/pages\/2377\/revisions\/2854"}],"wp:attachment":[{"href":"https:\/\/www.parafiabrzezinka.eu\/test3\/wp-json\/wp\/v2\/media?parent=2377"}],"curies":[{"name":"wp","href":"https:\/\/api.w.org\/{rel}","templated":true}]}}